{"id":574,"date":"2018-12-08T12:47:06","date_gmt":"2018-12-08T12:47:06","guid":{"rendered":"https:\/\/www.eu-filters.com\/politica-de-cookies\/"},"modified":"2019-01-30T08:56:35","modified_gmt":"2019-01-30T08:56:35","slug":"politique-de-cookies","status":"publish","type":"page","link":"https:\/\/www.eu-filters.com\/fr\/politique-de-cookies\/","title":{"rendered":"Politique de cookies"},"content":{"rendered":"<div class=\"wpb-content-wrapper\"><p>[vc_row css_animation=\u00a0\u00bbelement_from_fade\u00a0\u00bb row_type=\u00a0\u00bbrow\u00a0\u00bb use_row_as_full_screen_section=\u00a0\u00bbno\u00a0\u00bb type=\u00a0\u00bbgrid\u00a0\u00bb angled_section=\u00a0\u00bbno\u00a0\u00bb text_align=\u00a0\u00bbleft\u00a0\u00bb background_image_as_pattern=\u00a0\u00bbwithout_pattern\u00a0\u00bb padding_top=\u00a0\u00bb60&Prime; padding_bottom=\u00a0\u00bb60&Prime; z_index=\u00a0\u00bb\u00a0\u00bb][vc_column][vc_column_text el_class=\u00a0\u00bbsection_title small\u00a0\u00bb]<\/p>\n<h1 style=\"text-align: center;\">POLITIQUE DE COOKIES<\/h1>\n<p>[\/vc_column_text][vc_column_text]<\/p>\n<p><b>Que sont les cookies?<\/b><\/p>\n<p>Un cookie est un petit texte qu\u2019un site web envoie \u00e0 votre navigateur lorsque vous le visitez. Le cookie aide le site web \u00e0 m\u00e9moriser l\u2019information de votre visite, comme par exemple la pr\u00e9f\u00e9rence de la langue ainsi que d\u2019autres param\u00e8tres de configuration.<\/p>\n<p>En cons\u00e9quence, votre prochaine visite pourra \u00eatre plus facile et rapide et le web vous sera plus utile.<\/p>\n<p>Les cookies sont une mani\u00e8re efficace d\u2019am\u00e9liorer votre exp\u00e9rience de navigation en tant qu\u2019utilisateur et ils sont utilis\u00e9s par la majorit\u00e9 des sites web.<\/p>\n<p>&nbsp;<\/p>\n<p><b>Quels cookies E-FILTERS utilise-t-elle?<\/b><\/p>\n<p>Sur la page web de E-FILTERS, nous utilisons nos propres cookies et ceux de soci\u00e9t\u00e9s tierces dans le but de:<\/p>\n<ul>\n<li>M\u00e9moriser la pr\u00e9f\u00e9rence de la langue de l\u2019utilisateur.<\/li>\n<li>Rendre la navigation plus ais\u00e9e.<\/li>\n<li>Collecter des donn\u00e9es statistiques sur l\u2019utilisation de notre page web. Celles-ci sont anonymes et servent \u00e0 nous fournir des informations telles que le nombre de visiteurs, la dur\u00e9e de la visite, les pages visit\u00e9es, le navigateur utilis\u00e9 par nos utilisateurs ou leur r\u00e9solution pr\u00e9f\u00e9r\u00e9e d\u2019\u00e9cran.<\/li>\n<\/ul>\n<p>En aucun cas, nous utiliserons des cookies avec vos donn\u00e9es personnelles.<\/p>\n<p>Les donn\u00e9es obtenues sont utilis\u00e9es pour am\u00e9liorer votre navigation et pour obtenir des informations statistiques sur l\u2019usage fait par les utilisateurs de notre web.<\/p>\n<p>E-FILTERS consid\u00e8re que les cookies sont un outil utile pour vous offrir la meilleure exp\u00e9rience possible de navigation.<\/p>\n<p>&nbsp;<\/p>\n<p><b>Puis-je d\u00e9sactiver les cookies?<\/b><\/p>\n<p>Les navigateurs vous permettent de restreindre, de bloquer et d\u2019effacer les cookies.<\/p>\n<p>Chaque navigateur poss\u00e8de une configuration diff\u00e9rente. Pour vous aider, voici une liste de liens accompagn\u00e9s des instructions qui vous permettront de g\u00e9rer ou de bloquer les cookies des navigateurs les plus utilis\u00e9s habituellement:<\/p>\n<p>&nbsp;<\/p>\n<p>Chrome: <a href=\"https:\/\/support.google.com\/chrome\/answer\/95647?hl=fr\">configuration de cookies<\/a><\/p>\n<p>Internet Explorer: <a href=\"http:\/\/windows.microsoft.com\/fr-fr\/windows7\/how-to-manage-cookies-in-internet-explorer-9\">configuration de cookies<\/a><\/p>\n<p>Firefox: <a href=\"https:\/\/support.mozilla.org\/fr\/kb\/activer-desactiver-cookies\">configuration de cookies<\/a><\/p>\n<p>Safari: <a href=\"http:\/\/support.apple.com\/kb\/HT1677?viewlocale=fr_FR\">configuration de cookies<\/a><\/p>\n<p>&nbsp;<\/p>\n<p>&nbsp;<\/p>\n<p>[\/vc_column_text][\/vc_column][\/vc_row]<\/p>\n<\/div>","protected":false},"excerpt":{"rendered":"<p>[vc_row css_animation=\u00a0\u00bbelement_from_fade\u00a0\u00bb row_type=\u00a0\u00bbrow\u00a0\u00bb use_row_as_full_screen_section=\u00a0\u00bbno\u00a0\u00bb type=\u00a0\u00bbgrid\u00a0\u00bb angled_section=\u00a0\u00bbno\u00a0\u00bb text_align=\u00a0\u00bbleft\u00a0\u00bb background_image_as_pattern=\u00a0\u00bbwithout_pattern\u00a0\u00bb padding_top=\u00a0\u00bb60&Prime; padding_bottom=\u00a0\u00bb60&Prime; z_index=\u00a0\u00bb\u00a0\u00bb][vc_column][vc_column_text el_class=\u00a0\u00bbsection_title small\u00a0\u00bb] POLITIQUE DE COOKIES [\/vc_column_text][vc_column_text] Que sont les cookies? Un cookie est un petit texte qu\u2019un site web envoie \u00e0 votre navigateur lorsque vous le visitez. Le cookie aide le site web \u00e0&#8230;<\/p>\n","protected":false},"author":1,"featured_media":0,"parent":0,"menu_order":0,"comment_status":"closed","ping_status":"closed","template":"full_width.php","meta":{"footnotes":""},"class_list":["post-574","page","type-page","status-publish","hentry"],"_links":{"self":[{"href":"https:\/\/www.eu-filters.com\/fr\/wp-json\/wp\/v2\/pages\/574","targetHints":{"allow":["GET"]}}],"collection":[{"href":"https:\/\/www.eu-filters.com\/fr\/wp-json\/wp\/v2\/pages"}],"about":[{"href":"https:\/\/www.eu-filters.com\/fr\/wp-json\/wp\/v2\/types\/page"}],"author":[{"embeddable":true,"href":"https:\/\/www.eu-filters.com\/fr\/wp-json\/wp\/v2\/users\/1"}],"replies":[{"embeddable":true,"href":"https:\/\/www.eu-filters.com\/fr\/wp-json\/wp\/v2\/comments?post=574"}],"version-history":[{"count":5,"href":"https:\/\/www.eu-filters.com\/fr\/wp-json\/wp\/v2\/pages\/574\/revisions"}],"predecessor-version":[{"id":701,"href":"https:\/\/www.eu-filters.com\/fr\/wp-json\/wp\/v2\/pages\/574\/revisions\/701"}],"wp:attachment":[{"href":"https:\/\/www.eu-filters.com\/fr\/wp-json\/wp\/v2\/media?parent=574"}],"curies":[{"name":"wp","href":"https:\/\/api.w.org\/{rel}","templated":true}]}}